{"id":37,"date":"2017-01-14T20:30:53","date_gmt":"2017-01-14T20:30:53","guid":{"rendered":"http:\/\/memoriesaresouvenirs.com\/?page_id=37"},"modified":"2017-01-14T21:42:44","modified_gmt":"2017-01-14T21:42:44","slug":"packliste","status":"publish","type":"page","link":"https:\/\/memoriesaresouvenirs.com\/?page_id=37&lang=de","title":{"rendered":"Packliste"},"content":{"rendered":"<h1>Was braucht man \u00fcberhaupt alles auf der Weltreise?<\/h1>\n<p>Eigentlich nicht viel. Man sollte sich immer vor Augen f\u00fchren:<\/p>\n<ul>\n<li>man ist nie auf alles vorbereitet<\/li>\n<li>man kann nicht so viel schleppen, wie man einpacken kann<\/li>\n<li>vor Ort kann man sich die notwendigen Dinge, ob Kleidung oder Technik, meist g\u00fcnstiger kaufen.<\/li>\n<\/ul>\n<p>Dennoch m\u00f6chten wir nicht ohne irgendwas losreisen, denn man hat ja schon das eine oder andere zu Hause, was man gut f\u00fcr die Reise nutzen kann. Wir haben uns beide Gedanken gemacht was wie mitnehmen k\u00f6nnen und was nicht und was man ggf. besser vorm Ort kaufen sollten. Generell k\u00f6nnen wir sagen: Klamotten kann man \u00fcberall auf der Welt kaufen, bei Technik sollte man sich vor ab \u00fcberlegen was man haben will und dann vor Reiseantritt kaufen.<\/p>\n<p>Bei einer Beratung bei Globetrotter sowie auf anderen Reiseblogs wird zu einem max. Gewicht von 15 kg geraten. Man kann nat\u00fcrlich mehr, aber das muss man auch tragen k\u00f6nnen \u00fcber Stock und Stein, Berg und Kluft&#8230;<\/p>\n<h2><b>Die Rucks\u00e4cke<\/b><\/h2>\n<ul>\n<li>Sie: <a href=\"https:\/\/www.amazon.de\/Deuter-Damen-Aircontact-Trekkingrucksack-Liter\/dp\/B013FO83RO?psc=1&amp;SubscriptionId=AKIAIDNPI33WNI3G57XA&amp;tag=memori-21&amp;linkCode=alb&amp;camp=2025&amp;creative=165953&amp;creativeASIN=B013FO83RO\">Deuter 55l + 10 l<\/a><\/li>\n<li>Er: <a href=\"https:\/\/www.amazon.de\/Deuter-Trekkingrucksack-Aircontact-Black-Titan-3384374900\/dp\/B009SDKERY?SubscriptionId=AKIAIDNPI33WNI3G57XA&amp;tag=memori-21&amp;linkCode=alb&amp;camp=2025&amp;creative=165953&amp;creativeASIN=B009SDKERY\">Deuter 75 + 15 l<\/a><\/li>\n<\/ul>\n<p>Wir nehmen noch 2 Daypacks mit, die wir bereits besitzen und schauen, ob wir sie vor Ort gegen neuere Modelle austauschen k\u00f6nnen.<\/p>\n<h2><strong>Kleidung<\/strong><\/h2>\n<ul>\n<li>\n<h3>Sie: (auf jeden Fall mehr als er) \ud83d\ude09<\/h3>\n<ul>\n<li>4 x Tops ohne \u00c4rmel<\/li>\n<li>5 x T-Shirts<\/li>\n<li>3 x Langarmshirts<\/li>\n<li>1 x Leinenbluse<\/li>\n<li>1 x Baumwollpulli<\/li>\n<li>1 x\u00a0<a href=\"https:\/\/www.amazon.de\/Ultrasport-Damen-Fleecejacke-Marla-schwarz\/dp\/B009UV4EAM?psc=1&amp;SubscriptionId=AKIAIDNPI33WNI3G57XA&amp;tag=memori-21&amp;linkCode=alb&amp;camp=2025&amp;creative=165953&amp;creativeASIN=B009UV4EAM\">Fleecejacke<\/a> f\u00fcr kalte Tage, die schnell trocknet<\/li>\n<li>Hosen:\n<ul>\n<li>3 x Shorts<\/li>\n<li>2 x luftige Hosen<\/li>\n<li>1 x Wanderhose mit Zipoff-Funktion von Decathlon<\/li>\n<li>1 x bequeme Jeans<\/li>\n<\/ul>\n<\/li>\n<li>1 x leichtes Kleid<\/li>\n<li>1 x Regenjacke von\u00a0<a href=\"https:\/\/www.amazon.de\/North-Face-Hardshelljacke-Resolve-T0AQBJJK3\/dp\/B0052SCIGO?psc=1&amp;SubscriptionId=AKIAIDNPI33WNI3G57XA&amp;tag=memori-21&amp;linkCode=alb&amp;camp=2025&amp;creative=165953&amp;creativeASIN=B0052SCIGO\">North Face Funktionsjacke<\/a>. Sie ist leicht, l\u00e4sst sich wunderbar klein falten und sch\u00fctzt vor Regen und Wind<\/li>\n<li>Kopf- und Halsbedeckung:\n<ul>\n<li>1 x\u00a0<a href=\"https:\/\/www.amazon.de\/styleBREAKER-Feinstrick-weichem-Innenfutter-04024058\/dp\/B014T5RNTM?psc=1&amp;SubscriptionId=AKIAIDNPI33WNI3G57XA&amp;tag=memori-21&amp;linkCode=alb&amp;camp=2025&amp;creative=165953&amp;creativeASIN=B014T5RNTM\">Beanie M\u00fctze<\/a> mit Fleeceinnenleben. Hat sich jetzt auch bei den Minusgraden in Deutschland bew\u00e4hrt \ud83d\ude42<\/li>\n<li>1 x\u00a0<a href=\"https:\/\/www.amazon.de\/Beechfield-Original-Schlauchschal-verschiedene-Schwarz\/dp\/B001RZUBJ2?psc=1&amp;SubscriptionId=AKIAIDNPI33WNI3G57XA&amp;tag=memori-21&amp;linkCode=alb&amp;camp=2025&amp;creative=165953&amp;creativeASIN=B001RZUBJ2\">Schlauchschal<\/a>, der vielseitig eingesetzt werden kann<\/li>\n<\/ul>\n<\/li>\n<li>2 x Bikinis<\/li>\n<li>Unterw\u00e4sche:\n<ul>\n<li>7 x Unterbuchsen<\/li>\n<li>2 x BHs<\/li>\n<li>1 x\u00a0<a href=\"https:\/\/www.amazon.de\/TriAction-B%C3%BCgelloser-Sport-BH-Extreme-Schwarz\/dp\/B019U5KT1U?psc=1&amp;SubscriptionId=AKIAIDNPI33WNI3G57XA&amp;tag=memori-21&amp;linkCode=alb&amp;camp=2025&amp;creative=165953&amp;creativeASIN=B019U5KT1U\">Sport-BH<\/a><\/li>\n<li>1 x Thermounterw\u00e4sche von Tchibo (Ich gebe zu&#8230; ich friere schnell&#8230;)<\/li>\n<\/ul>\n<\/li>\n<li>5 x Sneaker-Socken sowie 2 x lange Socken<\/li>\n<li>Schuhe:\n<ul>\n<li>1 x Flip Flops<\/li>\n<li><a href=\"https:\/\/www.amazon.de\/Salomon-Ultra-Damen-Traillaufschuhe-Schwarz\/dp\/B00LJTGYQ0?psc=1&amp;SubscriptionId=AKIAIDNPI33WNI3G57XA&amp;tag=memori-21&amp;linkCode=alb&amp;camp=2025&amp;creative=165953&amp;creativeASIN=B00LJTGYQ0\">Solomon Trekking Schuhe<\/a><\/li>\n<li><a href=\"https:\/\/www.amazon.de\/New-Balance-ML373-grey-Gr%C3%B6%C3%9Fe\/dp\/B01AS1VU04?psc=1&amp;SubscriptionId=AKIAIDNPI33WNI3G57XA&amp;tag=memori-21&amp;linkCode=alb&amp;camp=2025&amp;creative=165953&amp;creativeASIN=B01AS1VU04\">New Balance Sneaker<\/a>. Die Schuhe f\u00fcr den Alltag zum Erkunden und bequem laufen. Bereits eingelatscht \ud83d\ude42<\/li>\n<\/ul>\n<\/li>\n<\/ul>\n<\/li>\n<\/ul>\n<ul>\n<li>\n<h3>Er: (auf jeden Fall weniger als sie)<\/h3>\n<\/li>\n<li style=\"list-style-type: none;\">\n<ul>\n<li style=\"list-style-type: none;\">\n<ul>\n<li>2 x Langarmshirts<\/li>\n<li>5 x T-Shirts<\/li>\n<li>1 x Pullover<\/li>\n<li>1 x Hemd (ist noch in Diskussion \ud83d\ude42 )<\/li>\n<li>\u00a0Hosen:\n<ul>\n<li>1 x Wanderhose<\/li>\n<li>1 x Jeans<\/li>\n<li>1 x kurze Hose<\/li>\n<li>1 x Thermounterhose<\/li>\n<\/ul>\n<\/li>\n<li>1 x Badehose<\/li>\n<li>Regen- und Windjacke<\/li>\n<li>Unterw\u00e4sche:\n<ul>\n<li>7 x Unterbuchsen<\/li>\n<li>7 x Paar Socken<\/li>\n<\/ul>\n<\/li>\n<li>\u00a0Schuhe:\n<ul>\n<li><a href=\"https:\/\/www.amazon.de\/Nike-Herren-Turnschuhe-Schwarz-Schwarz-Dunkelgrau-Drk\/dp\/B00BYFB0MC?psc=1&amp;SubscriptionId=AKIAIDNPI33WNI3G57XA&amp;tag=memori-21&amp;linkCode=alb&amp;camp=2025&amp;creative=165953&amp;creativeASIN=B00BYFB0MC\">Nike Sneaker<\/a>\u00a0zum t\u00e4glichen Erkunden.<\/li>\n<li>Wanderschuhe?<\/li>\n<li>1 x Flip Flops<\/li>\n<\/ul>\n<\/li>\n<\/ul>\n<\/li>\n<\/ul>\n<\/li>\n<\/ul>\n<p><span style=\"font-size: 1rem;\">Alles andere was noch ben\u00f6tigt wird, besorge ich mir dann vor Ort.<\/span><\/p>\n<h2><strong>Packhilfen<\/strong><\/h2>\n<ul style=\"font-size: 1rem;\">\n<li><a href=\"https:\/\/www.amazon.de\/Hohe-Qualit%C3%A4t-UPPT%C3%84CKA-Packbeutel-blau\/dp\/B015CJDS8E?SubscriptionId=AKIAIDNPI33WNI3G57XA&amp;tag=memori-21&amp;linkCode=alb&amp;camp=2025&amp;creative=165953&amp;creativeASIN=B015CJDS8E\">Ikea Packbeutel<\/a><\/li>\n<li>Mehrere Plastikt\u00fcten<\/li>\n<li><a href=\"https:\/\/www.amazon.de\/Leifheit-81709-W%C3%A4schenetz-3er-Set\/dp\/B004DTSDN0?psc=1&amp;SubscriptionId=AKIAIDNPI33WNI3G57XA&amp;tag=memori-21&amp;linkCode=alb&amp;camp=2025&amp;creative=165953&amp;creativeASIN=B004DTSDN0\">W\u00e4schebeutel<\/a><\/li>\n<li>DM Zip-Beutel in mehreren Gr\u00f6\u00dfen<\/li>\n<li>Jutebeutel<\/li>\n<li>Gro\u00dfe Plastikt\u00fcte f\u00fcr Schmutzw\u00e4sche<\/li>\n<li>Rolle M\u00fcllbeutel (auch f\u00fcr Schmutzw\u00e4sche)<\/li>\n<\/ul>\n<h2><strong>Hygiene<\/strong><\/h2>\n<ul>\n<li>\n<h3>Sie<\/h3>\n<ul>\n<li>ger\u00e4umiger <a href=\"https:\/\/www.amazon.de\/Vaude-11467-VAUDE-Kulturtasche-Tecowash\/dp\/B009ZRLW4C?psc=1&amp;SubscriptionId=AKIAIDNPI33WNI3G57XA&amp;tag=memori-21&amp;linkCode=alb&amp;camp=2025&amp;creative=165953&amp;creativeASIN=B009ZRLW4C\">Kulturbeutel<\/a> wo alles reinpasst<\/li>\n<li>1 x <a href=\"https:\/\/www.amazon.de\/Pearl-NC8234-PEARL-Mikrofaser-Badetuch-180x90\/dp\/B005ZQFPR2?psc=1&amp;SubscriptionId=AKIAIDNPI33WNI3G57XA&amp;tag=memori-21&amp;linkCode=alb&amp;camp=2025&amp;creative=165953&amp;creativeASIN=B005ZQFPR2\">gro\u00dfes Microfaserhandtuch<\/a><\/li>\n<li>Zahnb\u00fcrste<\/li>\n<li>Zahnpasta<\/li>\n<li>Zahnseide<\/li>\n<li>Shampoo<\/li>\n<li>Bodywash<\/li>\n<li>Deoroller<\/li>\n<li>Gesichtscreme<\/li>\n<li><a href=\"https:\/\/www.amazon.de\/Wilkinson-Quattro-Starterset-Rasierapparat-Klingen\/dp\/B00IOLOYA4?psc=1&amp;SubscriptionId=AKIAIDNPI33WNI3G57XA&amp;tag=memori-21&amp;linkCode=alb&amp;camp=2025&amp;creative=165953&amp;creativeASIN=B00IOLOYA4\">Rasierer<\/a><\/li>\n<li><a href=\"https:\/\/www.amazon.de\/Wilkinson-Quattro-Starterset-Rasierapparat-Klingen\/dp\/B00IOLOYA4?psc=1&amp;SubscriptionId=AKIAIDNPI33WNI3G57XA&amp;tag=memori-21&amp;linkCode=alb&amp;camp=2025&amp;creative=165953&amp;creativeASIN=B00IOLOYA4\">Ersatzklingen<\/a><\/li>\n<li>Haargummis<\/li>\n<li>kleine Haarb\u00fcrste<\/li>\n<li>OBs in einem Zip-Beutel<\/li>\n<li>Pille (Jahresration &#8211; vorher mit dem Arzt besprechen)<\/li>\n<li>Sonnencreme<\/li>\n<li>Wattest\u00e4bchen<\/li>\n<li>Nagelschere<\/li>\n<li>Nagelpfeile<\/li>\n<li>kleine Packung Nagellackentferner<\/li>\n<li>Nagellack<\/li>\n<li>Jahresration an 3-Monatslinsen<\/li>\n<li>Kontaktlinsenfl\u00fcssigkeit<br \/>\n<h2><\/h2>\n<\/li>\n<\/ul>\n<\/li>\n<li>\n<h3>Er:<\/h3>\n<ul>\n<li>2 x Kulturbeutel (einer f\u00fcr den gro\u00dfen Rucksack mit den Standardflaschen und einer f\u00fcrs Handgep\u00e4ck mit kleinen Fl\u00e4schchen falls der Backpack verloren geht)<\/li>\n<li>1 x <a href=\"https:\/\/www.amazon.de\/Pearl-NC8234-PEARL-Mikrofaser-Badetuch-180x90\/dp\/B005ZQFPR2?psc=1&amp;SubscriptionId=AKIAIDNPI33WNI3G57XA&amp;tag=memori-21&amp;linkCode=alb&amp;camp=2025&amp;creative=165953&amp;creativeASIN=B005ZQFPR2\">gro\u00dfes Microfaserhandtuch<\/a><\/li>\n<li>Zahnb\u00fcrste<\/li>\n<li>Zahnpasta<\/li>\n<li>Zahnseide<\/li>\n<li>Shampoo<\/li>\n<li>Bodywash<\/li>\n<li>Deoroller<\/li>\n<li>Rasierer<\/li>\n<li>Ersatzklingen<\/li>\n<li>Rasierschaum<\/li>\n<li>Kamm<\/li>\n<li>Wattest\u00e4bchen<\/li>\n<li>Nagelset<\/li>\n<\/ul>\n<\/li>\n<\/ul>\n<h2><strong>Reiseapotheke<\/strong><\/h2>\n<p>Wir gehen stark davon aus, dass auch wir mal krank werden und haben daher auch das eine und andere eingepackt, damit wir auf so einen Vorfall vorbereitet sind. Auch hier der Hinweis: Lieber das einpacken was man eh h\u00e4ufig nutzt und man kann sich nicht gegen alles sch\u00fctzen. Wir haben uns vor allem auf Mittel gegen Lebensmittelvergiftung, Magen-, Kopfschmerzen und Fieber beschr\u00e4nkt. Au\u00dferdem kommen nat\u00fcrlich Malariatabletten mit von denen wir hoffen, dass wir sie nicht brauchen werden. Zus\u00e4tzlich\u00a0ist ein Erste-Hilfe Set mit Pflastern und Kompressen dabei, f\u00fcr den Fall dass wir irgendwo umknicken oder uns Blasen laufen.<\/p>\n<h2><strong>Technik<\/strong><\/h2>\n<p>Hier muss man abw\u00e4gen und versuchen die goldene Mitte zu finden.<\/p>\n<ul>\n<li><a href=\"http:\/\/amzn.to\/2isqR4Z\">Laptop<\/a>: Wir haben lange \u00fcberlegt, ob wir nicht auch mit Tablets auskommen, aber gerade wenn es um Bildbearbeitung geht, ist die Rechenleistung und die Handhabung eines Laptops nicht zu schlagen. Und dieses Modell ist ein guter Kompromiss zwischen Leistung, Gr\u00f6\u00dfe, Gewicht und Preis.<\/li>\n<li><a href=\"http:\/\/amzn.to\/2iscwpk\">iPad<\/a>\u00a0Mini: Ist praktisch f\u00fcr unterwegs um Filme zu gucken, skypen und auch mal am Blog zu arbeiten, da wir keine zwei Rechner mitnehmen wollen.<\/li>\n<li>Kabelloser Kartenleser, WIFI Router, Powerbank und was es nicht noch alles ist- <a href=\"http:\/\/amzn.to\/2isnI5c\">Wunderger\u00e4t von Ravpower<\/a>. Ist vor allem praktisch um Filme und Fotos auf&#8217;s iPad zu streamen.<\/li>\n<li><a href=\"http:\/\/amzn.to\/2ispOlJ\">Kamera 1<\/a>: Kleine Nikon f\u00fcr schnelle Schnappsch\u00fcsse und evtl. auch Videos (mit passender <a href=\"http:\/\/amzn.to\/2iUaJKI\">Tasche<\/a>)<\/li>\n<li><a href=\"http:\/\/amzn.to\/2isqFmr\">Kamera 2<\/a>: Gro\u00dfe Nikon mit schwerem <a href=\"http:\/\/amzn.to\/2isx94N\">Objektiv<\/a>\u00a0&#8211;\u00a0das ist sein Hobby&#8230; Dazu eine unauff\u00e4llige <a href=\"http:\/\/amzn.to\/2iUgqrZ\">Neoprentasche<\/a>, die gut in den Rucksack passt und nicht danach schreit geklaut zu werden.<\/li>\n<li><a href=\"http:\/\/amzn.to\/2isvFXX\">Stativ<\/a>: Klein und leicht genug um in den Rucksack zu passen, aber trotzdem hoch und stabil &#8211; perfekt f\u00fcr sch\u00f6ne Aufnahmen mit der gro\u00dfen Cam.<\/li>\n<li>Handstativ &#8211; klein und leicht, gerade f\u00fcr Videos.<\/li>\n<li>Leider hat uns der China-Shop einen Strich durch die Rechnung gemacht und wir haben keine gute Action Cam, aber das d\u00fcrfte sich sp\u00e4testens dann \u00e4ndern wenn wir in China vorbei kommen \ud83d\ude09<\/li>\n<\/ul>\n","protected":false},"excerpt":{"rendered":"<p>Was braucht man \u00fcberhaupt alles auf der Weltreise? Eigentlich nicht viel. Man sollte sich immer vor Augen f\u00fchren: man ist nie auf alles vorbereitet man kann nicht so viel schleppen, wie man einpacken kann vor Ort kann man sich die notwendigen Dinge, ob Kleidung oder Technik, meist g\u00fcnstiger kaufen. Dennoch m\u00f6chten wir nicht ohne irgendwas &hellip; <\/p>\n<p class=\"link-more\"><a href=\"https:\/\/memoriesaresouvenirs.com\/?page_id=37&#038;lang=de\" class=\"more-link\">Continue reading<span class=\"screen-reader-text\"> &#8220;Packliste&#8221;<\/span><\/a><\/p>\n","protected":false},"author":2,"featured_media":0,"parent":0,"menu_order":0,"comment_status":"closed","ping_status":"closed","template":"","meta":{"jetpack_post_was_ever_published":false,"footnotes":""},"class_list":["post-37","page","type-page","status-publish","hentry"],"jetpack_sharing_enabled":true,"jetpack_shortlink":"https:\/\/wp.me\/P8ez4G-B","jetpack-related-posts":[{"id":31,"url":"https:\/\/memoriesaresouvenirs.com\/?page_id=31&lang=de","url_meta":{"origin":37,"position":0},"title":"\u00dcber uns","author":"Michael","date":"24\/12\/2016","format":false,"excerpt":"So lange wir uns erinnern k\u00f6nnen, ist das Reisen ein wichtiger Teil unseres Lebens. Wir sind schon immer die Leute, die an ungew\u00f6hnliche Orte reisen, anderen Empfehlen, was man irgendwo unternehmen kann und in die lokalen Kulturen eintauchen. Nach einigen Jahren in unseren Schreibtischjobs \u00a0und nur kurzen Urlaubstrips realisierten wir,\u2026","rel":"","context":"Similar post","block_context":{"text":"Similar post","link":""},"img":{"alt_text":"","src":"","width":0,"height":0},"classes":[]}],"jetpack_likes_enabled":true,"_links":{"self":[{"href":"https:\/\/memoriesaresouvenirs.com\/index.php?rest_route=\/wp\/v2\/pages\/37","targetHints":{"allow":["GET"]}}],"collection":[{"href":"https:\/\/memoriesaresouvenirs.com\/index.php?rest_route=\/wp\/v2\/pages"}],"about":[{"href":"https:\/\/memoriesaresouvenirs.com\/index.php?rest_route=\/wp\/v2\/types\/page"}],"author":[{"embeddable":true,"href":"https:\/\/memoriesaresouvenirs.com\/index.php?rest_route=\/wp\/v2\/users\/2"}],"replies":[{"embeddable":true,"href":"https:\/\/memoriesaresouvenirs.com\/index.php?rest_route=%2Fwp%2Fv2%2Fcomments&post=37"}],"version-history":[{"count":37,"href":"https:\/\/memoriesaresouvenirs.com\/index.php?rest_route=\/wp\/v2\/pages\/37\/revisions"}],"predecessor-version":[{"id":139,"href":"https:\/\/memoriesaresouvenirs.com\/index.php?rest_route=\/wp\/v2\/pages\/37\/revisions\/139"}],"wp:attachment":[{"href":"https:\/\/memoriesaresouvenirs.com\/index.php?rest_route=%2Fwp%2Fv2%2Fmedia&parent=37"}],"curies":[{"name":"wp","href":"https:\/\/api.w.org\/{rel}","templated":true}]}}